
{"id":2626,"date":"2021-02-12T11:27:39","date_gmt":"2021-02-12T11:27:39","guid":{"rendered":"https:\/\/boosmart.tasarlab.com\/?page_id=2626"},"modified":"2024-03-22T15:03:01","modified_gmt":"2024-03-22T12:03:01","slug":"case-studies","status":"publish","type":"page","link":"https:\/\/project-boo2138.bootests.com\/en\/case-studies\/","title":{"rendered":"Case Studies"},"content":{"rendered":"<div class=\"wpb-content-wrapper\"><p>[vc_row full_width=&#8221;stretch_row&#8221; el_class=&#8221;tasarlab-project-tab-pills neler-yapiyoruz-section-1&#8243;][vc_column]\n                <div class=\"owl-carousel owl-theme boo-owl-nav\" data-desktop=\"2\" data-tablet=\"2\" data-mobile=\"1\">\n                    \n                        <div class=\"item\">\n                            <a class=\"boo-nav-item \" href=\"https:\/\/project-boo2138.bootests.com\/en\/our-brands\/\">Our Brands<\/a>\n                        <\/div>\n                   \n                        <div class=\"item\">\n                            <a class=\"boo-nav-item boo-nav-active\" href=\"https:\/\/project-boo2138.bootests.com\/en\/case-studies\/\">Case Studies<\/a>\n                        <\/div>\n                   \n                <\/div>\n            [\/vc_column][\/vc_row][vc_row el_class=&#8221;neler-yapiyoruz-section-3 basari-hikayelerimiz-genel&#8221;][vc_column][vc_row_inner el_class=&#8221;basari-hikayelerimiz-section&#8221;][vc_column_inner width=&#8221;1\/3&#8243;][vc_column_text]<img decoding=\"async\" src=\"\/wp-content\/uploads\/2021\/03\/markalarimiz-aegon-logo-1.png\" \/><\/p>\n<h3><strong>Aegon Direkt<\/strong><\/h3>\n<h6>Increased online sales by 600% using Google AdWords.<\/h6>\n<p><a href=\"https:\/\/boosmart.com\/en\/case-studies\/aegon-direkt\/\">Read More<\/a>[\/vc_column_text][\/vc_column_inner][vc_column_inner width=&#8221;1\/3&#8243;][vc_column_text]<img decoding=\"async\" src=\"\/wp-content\/uploads\/2021\/03\/markalarimiz-adimadim-logo-1.png\" \/><\/p>\n<h3><strong>Ad\u0131m Ad\u0131m<\/strong><\/h3>\n<h6>Increased ROI by 410% using Remarketing List Search Ads.<\/h6>\n<p><a href=\"https:\/\/boosmart.com\/en\/case-studies\/adim-adim\/\">Read More<\/a>[\/vc_column_text][\/vc_column_inner][vc_column_inner width=&#8221;1\/3&#8243;][vc_column_text]<img decoding=\"async\" src=\"\/wp-content\/uploads\/2021\/03\/markalarimiz-yenibiris-logo-1.png\" \/><\/p>\n<h3><strong>Yenibiris.com<\/strong><\/h3>\n<h6>Candidate applications increased by 250% using Facebook Custom Audience Targeting.<\/h6>\n<p><a href=\"https:\/\/boosmart.com\/en\/case-studies\/yenibiris-com\/\">Read More<\/a>[\/vc_column_text][\/vc_column_inner][\/vc_row_inner][vc_row_inner el_class=&#8221;basari-hikayelerimiz-section&#8221;][vc_column_inner width=&#8221;1\/3&#8243;][vc_column_text]<img decoding=\"async\" src=\"\/wp-content\/uploads\/2021\/03\/markalarimiz-penti-logo-1.png\" \/><\/p>\n<h3><strong>Penti<\/strong><\/h3>\n<h6>Shopping ads have been improved by up to 350%<\/h6>\n<p><a href=\"https:\/\/boosmart.com\/en\/case-studies\/penti\/\">Read More<\/a>[\/vc_column_text][\/vc_column_inner][vc_column_inner width=&#8221;1\/3&#8243;][vc_column_text]<img decoding=\"async\" src=\"\/wp-content\/uploads\/2021\/03\/markalarimiz-konusma-kulubu-logo-1.png\" \/><\/p>\n<h3><strong>Konu\u015fma Kul\u00fcb\u00fc<\/strong><\/h3>\n<h6>Better quality lead was obtained with 75% lower cost per lead.<\/h6>\n<p><a href=\"https:\/\/boosmart.com\/en\/case-studies\/konusma-kulubu\/\">Read More<\/a>[\/vc_column_text][\/vc_column_inner][vc_column_inner width=&#8221;1\/3&#8243;][\/vc_column_inner][\/vc_row_inner][\/vc_column][\/vc_row]<\/p>\n<\/div>","protected":false},"excerpt":{"rendered":"<p>[vc_row full_width=&#8221;stretch_row&#8221; el_class=&#8221;tasarlab-project-tab-pills neler-yapiyoruz-section-1&#8243;][vc_column][\/vc_column][\/vc_row][vc_row el_class=&#8221;neler-yapiyoruz-section-3 basari-hikayelerimiz-genel&#8221;][vc_column][vc_row_inner el_class=&#8221;basari-hikayelerimiz-section&#8221;][vc_column_inner width=&#8221;1\/3&#8243;][vc_column_text] Aegon Direkt Increased online sales by 600% using Google AdWords. Read More[\/vc_column_text][\/vc_column_inner][vc_column_inner width=&#8221;1\/3&#8243;][vc_column_text] Ad\u0131m Ad\u0131m Increased ROI by 410% using Remarketing List Search Ads. Read More[\/vc_column_text][\/vc_column_inner][vc_column_inner width=&#8221;1\/3&#8243;][vc_column_text] Yenibiris.com Candidate applications increased by 250% using Facebook Custom Audience Targeting. Read More[\/vc_column_text][\/vc_column_inner][\/vc_row_inner][vc_row_inner el_class=&#8221;basari-hikayelerimiz-section&#8221;][vc_column_inner width=&#8221;1\/3&#8243;][vc_column_text] Penti Shopping ads have been [&hellip;]<\/p>\n","protected":false},"author":2,"featured_media":0,"parent":0,"menu_order":0,"comment_status":"closed","ping_status":"closed","template":"page-kurumsal.php","meta":{"_acf_changed":false,"footnotes":""},"class_list":["post-2626","page","type-page","status-publish","hentry"],"acf":[],"yoast_head":"<!-- This site is optimized with the Yoast SEO plugin v26.5 - https:\/\/yoast.com\/wordpress\/plugins\/seo\/ -->\n<title>Case Studies - Boosmart<\/title>\n<meta name=\"description\" content=\"As Boosmart, we care to work diligently. Let&#039;s take a look at the stories of our successes with our precious brands. Click to check on!\" \/>\n<meta name=\"robots\" content=\"noindex, follow, max-snippet:-1, max-image-preview:large, max-video-preview:-1\" \/>\n<meta property=\"og:locale\" content=\"en_US\" \/>\n<meta property=\"og:type\" content=\"article\" \/>\n<meta property=\"og:title\" content=\"Case Studies - Boosmart\" \/>\n<meta property=\"og:description\" content=\"As Boosmart, we care to work diligently. Let&#039;s take a look at the stories of our successes with our precious brands. Click to check on!\" \/>\n<meta property=\"og:url\" content=\"https:\/\/project-boo2138.bootests.com\/en\/case-studies\/\" \/>\n<meta property=\"og:site_name\" content=\"Boosmart\" \/>\n<meta property=\"article:publisher\" content=\"https:\/\/www.facebook.com\/boosmartcom\/\" \/>\n<meta property=\"article:modified_time\" content=\"2024-03-22T12:03:01+00:00\" \/>\n<meta property=\"og:image\" content=\"https:\/\/project-boo2138.bootests.com\/wp-content\/uploads\/2024\/11\/boosmart-logo.png\" \/>\n\t<meta property=\"og:image:width\" content=\"1200\" \/>\n\t<meta property=\"og:image:height\" content=\"675\" \/>\n\t<meta property=\"og:image:type\" content=\"image\/png\" \/>\n<meta name=\"twitter:card\" content=\"summary_large_image\" \/>\n<meta name=\"twitter:site\" content=\"@boosmartcom\" \/>\n<meta name=\"twitter:label1\" content=\"Est. reading time\" \/>\n\t<meta name=\"twitter:data1\" content=\"2 minutes\" \/>\n<script type=\"application\/ld+json\" class=\"yoast-schema-graph\">{\"@context\":\"https:\/\/schema.org\",\"@graph\":[{\"@type\":\"WebPage\",\"@id\":\"https:\/\/project-boo2138.bootests.com\/en\/case-studies\/\",\"url\":\"https:\/\/project-boo2138.bootests.com\/en\/case-studies\/\",\"name\":\"Case Studies - Boosmart\",\"isPartOf\":{\"@id\":\"https:\/\/project-boo2138.bootests.com\/#website\"},\"datePublished\":\"2021-02-12T11:27:39+00:00\",\"dateModified\":\"2024-03-22T12:03:01+00:00\",\"description\":\"As Boosmart, we care to work diligently. Let's take a look at the stories of our successes with our precious brands. Click to check on!\",\"breadcrumb\":{\"@id\":\"https:\/\/project-boo2138.bootests.com\/en\/case-studies\/#breadcrumb\"},\"inLanguage\":\"en-US\",\"potentialAction\":[{\"@type\":\"ReadAction\",\"target\":[\"https:\/\/project-boo2138.bootests.com\/en\/case-studies\/\"]}]},{\"@type\":\"BreadcrumbList\",\"@id\":\"https:\/\/project-boo2138.bootests.com\/en\/case-studies\/#breadcrumb\",\"itemListElement\":[{\"@type\":\"ListItem\",\"position\":1,\"name\":\"Home\",\"item\":\"https:\/\/project-boo2138.bootests.com\/en\/\"},{\"@type\":\"ListItem\",\"position\":2,\"name\":\"Case Studies\"}]},{\"@type\":\"WebSite\",\"@id\":\"https:\/\/project-boo2138.bootests.com\/#website\",\"url\":\"https:\/\/project-boo2138.bootests.com\/\",\"name\":\"Boosmart\",\"description\":\"\",\"publisher\":{\"@id\":\"https:\/\/project-boo2138.bootests.com\/#organization\"},\"potentialAction\":[{\"@type\":\"SearchAction\",\"target\":{\"@type\":\"EntryPoint\",\"urlTemplate\":\"https:\/\/project-boo2138.bootests.com\/?s={search_term_string}\"},\"query-input\":{\"@type\":\"PropertyValueSpecification\",\"valueRequired\":true,\"valueName\":\"search_term_string\"}}],\"inLanguage\":\"en-US\"},{\"@type\":\"Organization\",\"@id\":\"https:\/\/project-boo2138.bootests.com\/#organization\",\"name\":\"Boosmart\",\"url\":\"https:\/\/project-boo2138.bootests.com\/\",\"logo\":{\"@type\":\"ImageObject\",\"inLanguage\":\"en-US\",\"@id\":\"https:\/\/project-boo2138.bootests.com\/#\/schema\/logo\/image\/\",\"url\":\"https:\/\/boosmart.com\/wp-content\/uploads\/2025\/02\/boosmart-og-image.png\",\"contentUrl\":\"https:\/\/boosmart.com\/wp-content\/uploads\/2025\/02\/boosmart-og-image.png\",\"width\":1200,\"height\":630,\"caption\":\"Boosmart\"},\"image\":{\"@id\":\"https:\/\/project-boo2138.bootests.com\/#\/schema\/logo\/image\/\"},\"sameAs\":[\"https:\/\/www.facebook.com\/boosmartcom\/\",\"https:\/\/x.com\/boosmartcom\",\"https:\/\/tr.linkedin.com\/company\/boosmart\/\",\"https:\/\/www.instagram.com\/boosmartcom\/\"]}]}<\/script>\n<!-- \/ Yoast SEO plugin. -->","yoast_head_json":{"title":"Case Studies - Boosmart","description":"As Boosmart, we care to work diligently. Let's take a look at the stories of our successes with our precious brands. Click to check on!","robots":{"index":"noindex","follow":"follow","max-snippet":"max-snippet:-1","max-image-preview":"max-image-preview:large","max-video-preview":"max-video-preview:-1"},"og_locale":"en_US","og_type":"article","og_title":"Case Studies - Boosmart","og_description":"As Boosmart, we care to work diligently. Let's take a look at the stories of our successes with our precious brands. Click to check on!","og_url":"https:\/\/project-boo2138.bootests.com\/en\/case-studies\/","og_site_name":"Boosmart","article_publisher":"https:\/\/www.facebook.com\/boosmartcom\/","article_modified_time":"2024-03-22T12:03:01+00:00","og_image":[{"width":1200,"height":675,"url":"https:\/\/project-boo2138.bootests.com\/wp-content\/uploads\/2024\/11\/boosmart-logo.png","type":"image\/png"}],"twitter_card":"summary_large_image","twitter_site":"@boosmartcom","twitter_misc":{"Est. reading time":"2 minutes"},"schema":{"@context":"https:\/\/schema.org","@graph":[{"@type":"WebPage","@id":"https:\/\/project-boo2138.bootests.com\/en\/case-studies\/","url":"https:\/\/project-boo2138.bootests.com\/en\/case-studies\/","name":"Case Studies - Boosmart","isPartOf":{"@id":"https:\/\/project-boo2138.bootests.com\/#website"},"datePublished":"2021-02-12T11:27:39+00:00","dateModified":"2024-03-22T12:03:01+00:00","description":"As Boosmart, we care to work diligently. Let's take a look at the stories of our successes with our precious brands. Click to check on!","breadcrumb":{"@id":"https:\/\/project-boo2138.bootests.com\/en\/case-studies\/#breadcrumb"},"inLanguage":"en-US","potentialAction":[{"@type":"ReadAction","target":["https:\/\/project-boo2138.bootests.com\/en\/case-studies\/"]}]},{"@type":"BreadcrumbList","@id":"https:\/\/project-boo2138.bootests.com\/en\/case-studies\/#breadcrumb","itemListElement":[{"@type":"ListItem","position":1,"name":"Home","item":"https:\/\/project-boo2138.bootests.com\/en\/"},{"@type":"ListItem","position":2,"name":"Case Studies"}]},{"@type":"WebSite","@id":"https:\/\/project-boo2138.bootests.com\/#website","url":"https:\/\/project-boo2138.bootests.com\/","name":"Boosmart","description":"","publisher":{"@id":"https:\/\/project-boo2138.bootests.com\/#organization"},"potentialAction":[{"@type":"SearchAction","target":{"@type":"EntryPoint","urlTemplate":"https:\/\/project-boo2138.bootests.com\/?s={search_term_string}"},"query-input":{"@type":"PropertyValueSpecification","valueRequired":true,"valueName":"search_term_string"}}],"inLanguage":"en-US"},{"@type":"Organization","@id":"https:\/\/project-boo2138.bootests.com\/#organization","name":"Boosmart","url":"https:\/\/project-boo2138.bootests.com\/","logo":{"@type":"ImageObject","inLanguage":"en-US","@id":"https:\/\/project-boo2138.bootests.com\/#\/schema\/logo\/image\/","url":"https:\/\/boosmart.com\/wp-content\/uploads\/2025\/02\/boosmart-og-image.png","contentUrl":"https:\/\/boosmart.com\/wp-content\/uploads\/2025\/02\/boosmart-og-image.png","width":1200,"height":630,"caption":"Boosmart"},"image":{"@id":"https:\/\/project-boo2138.bootests.com\/#\/schema\/logo\/image\/"},"sameAs":["https:\/\/www.facebook.com\/boosmartcom\/","https:\/\/x.com\/boosmartcom","https:\/\/tr.linkedin.com\/company\/boosmart\/","https:\/\/www.instagram.com\/boosmartcom\/"]}]}},"_links":{"self":[{"href":"https:\/\/project-boo2138.bootests.com\/en\/wp-json\/wp\/v2\/pages\/2626","targetHints":{"allow":["GET"]}}],"collection":[{"href":"https:\/\/project-boo2138.bootests.com\/en\/wp-json\/wp\/v2\/pages"}],"about":[{"href":"https:\/\/project-boo2138.bootests.com\/en\/wp-json\/wp\/v2\/types\/page"}],"author":[{"embeddable":true,"href":"https:\/\/project-boo2138.bootests.com\/en\/wp-json\/wp\/v2\/users\/2"}],"replies":[{"embeddable":true,"href":"https:\/\/project-boo2138.bootests.com\/en\/wp-json\/wp\/v2\/comments?post=2626"}],"version-history":[{"count":3,"href":"https:\/\/project-boo2138.bootests.com\/en\/wp-json\/wp\/v2\/pages\/2626\/revisions"}],"predecessor-version":[{"id":9501,"href":"https:\/\/project-boo2138.bootests.com\/en\/wp-json\/wp\/v2\/pages\/2626\/revisions\/9501"}],"wp:attachment":[{"href":"https:\/\/project-boo2138.bootests.com\/en\/wp-json\/wp\/v2\/media?parent=2626"}],"curies":[{"name":"wp","href":"https:\/\/api.w.org\/{rel}","templated":true}]}}