
{"id":3346,"date":"2021-03-05T11:00:35","date_gmt":"2021-03-05T11:00:35","guid":{"rendered":"https:\/\/boosmart.tasarlab.com\/?page_id=3346"},"modified":"2024-08-01T12:10:30","modified_gmt":"2024-08-01T09:10:30","slug":"adim-adim","status":"publish","type":"page","link":"https:\/\/project-boo2138.bootests.com\/en\/case-studies\/adim-adim\/","title":{"rendered":"Ad\u0131m Ad\u0131m Case Study"},"content":{"rendered":"<div class=\"wpb-content-wrapper\"><p>[vc_row full_width=&#8221;stretch_row&#8221; el_class=&#8221;tasarlab-project-tab-pills neler-yapiyoruz-section-1&#8243;][vc_column]\n                <div class=\"owl-carousel owl-theme boo-owl-nav\" data-desktop=\"2\" data-tablet=\"2\" data-mobile=\"1\">\n                    \n                        <div class=\"item\">\n                            <a class=\"boo-nav-item \" href=\"https:\/\/project-boo2138.bootests.com\/en\/our-brands\/\">Our Brands<\/a>\n                        <\/div>\n                   \n                        <div class=\"item\">\n                            <a class=\"boo-nav-item \" href=\"https:\/\/project-boo2138.bootests.com\/en\/case-studies\/\">Case Studies<\/a>\n                        <\/div>\n                   \n                <\/div>\n            [\/vc_column][\/vc_row][vc_row el_class=&#8221;neler-yapiyoruz-section-3&#8243;][vc_column width=&#8221;2\/3&#8243; el_class=&#8221;basari-hikayeleri-col-9&#8243;][vc_single_image image=&#8221;3236&#8243; img_size=&#8221;full&#8221;][vc_column_text]<\/p>\n<h2><b>Innovation<\/b><\/h2>\n<p><span style=\"font-weight: 400;\">Keyword research is the most important part of search advertising. Thanks to the technologies we have developed, we make this process very healthy. In the keyword research process, our biggest effort is to allocate a budget to the words that will best support the planned conversion, as well as the search habits of the users. In order to understand the search habits of mothers, we have created content related to child development from the first birth to the age of 4 years. Our tool, which we created using the Search Console API to measure which organic searches these content appear in front of users, helps us to blend organic and keyword planner data.<\/span><\/p>\n<p><span style=\"font-weight: 400;\">The automated system we created during the campaign setup process continuously monitors the data in the campaign period. Words that fall below the conversion rate we set are automatically suggested to the account manager to be added to negative keywords. In this way, we can use our budget in the most efficient way.<\/span><\/p>\n<p><span style=\"font-weight: 400;\">We perform A\/B tests to optimize our processes based on continuous analysis and use AdWords Scripts to fully automate this process. Thanks to the scripts, the decision mechanism of our test is completely data and the word that brings the most conversions is automatically selected.<\/span><\/p>\n<p><span style=\"font-weight: 400;\">By constantly updating ad plug-ins, we&#8217;ve spread the most conversion triggers across campaigns in general. At the same time, we followed our users with the events we placed on the site in order to make the best use of this data. Instead of simple metrics, we created remarketing data by segmenting the relevant level of users with the scroll rate on the page and the buttons in the calculation tools.<\/span><\/p>\n<p><span style=\"font-weight: 400;\">Training sets start after the 9th month. Despite this, we have included articles describing the development from the 1st month on our blog pages. The reason for this is that we saved the data to make a remarketing campaign for the users who read the 1st month content from the remarketing lists we create separately on a monthly basis, 8 months later, when they can become potential customers.<\/span><\/p>\n<p><span style=\"font-weight: 400;\">At the same time, we have prepared tools that automate on-page suggestions for all pages in order to increase our quality scores. In this way, we offered our customers suggestions to achieve the highest possible quality scores by automatically sending landing page tests.<\/span><\/p>\n<h2><b>Technology<\/b><\/h2>\n<p><span style=\"font-weight: 400;\">In order for our ads to work in the most efficient way, we follow our partners&#8217; sites instantly with our final url checker tool. In case of any problem, our system automatically stops the ads and we reach our account manager via SMS and Email together with our business partner.<\/span>[\/vc_column_text][\/vc_column][vc_column width=&#8221;1\/3&#8243; el_class=&#8221;basari-hikayeleri-col-3&#8243;][vc_single_image image=&#8221;3121&#8243; img_size=&#8221;full&#8221;][vc_column_text]<\/p>\n<h2><strong>About <\/strong><\/h2>\n<h2><strong>adimadim.com\u00a0<\/strong><\/h2>\n<p><span style=\"font-weight: 400;\">It is a step-by-step system that sells monthly training sets for children aged 0-4 and their parents in packages with a subscription model. Thanks to the step-by-step training sets, children develop their social skills, motor skills and problem-solving abilities. It is in partnership with Boosmart on issues such as analyzing the data of existing subscribers, developing marketing strategies, managing Google Adwords and other accounts.<\/span>[\/vc_column_text][\/vc_column][\/vc_row]<\/p>\n<\/div>","protected":false},"excerpt":{"rendered":"<p>[vc_row full_width=&#8221;stretch_row&#8221; el_class=&#8221;tasarlab-project-tab-pills neler-yapiyoruz-section-1&#8243;][vc_column][\/vc_column][\/vc_row][vc_row el_class=&#8221;neler-yapiyoruz-section-3&#8243;][vc_column width=&#8221;2\/3&#8243; el_class=&#8221;basari-hikayeleri-col-9&#8243;][vc_single_image image=&#8221;3236&#8243; img_size=&#8221;full&#8221;][vc_column_text] Innovation Keyword research is the most important part of search advertising. Thanks to the technologies we have developed, we make this process very healthy. In the keyword research process, our biggest effort is to allocate a budget to the words that will best support the planned [&hellip;]<\/p>\n","protected":false},"author":2,"featured_media":0,"parent":2626,"menu_order":0,"comment_status":"closed","ping_status":"closed","template":"page-kurumsal.php","meta":{"_acf_changed":false,"footnotes":""},"class_list":["post-3346","page","type-page","status-publish","hentry"],"acf":[],"yoast_head":"<!-- This site is optimized with the Yoast SEO plugin v26.5 - https:\/\/yoast.com\/wordpress\/plugins\/seo\/ -->\n<title>Ad\u0131m Ad\u0131m Case Study - Boosmart<\/title>\n<meta name=\"description\" content=\"We have achieved great success with one of our valuable brands Ad\u0131m Ad\u0131m in the area of digital marketing. Click to see the success story!\" \/>\n<meta name=\"robots\" content=\"noindex, follow, max-snippet:-1, max-image-preview:large, max-video-preview:-1\" \/>\n<meta property=\"og:locale\" content=\"en_US\" \/>\n<meta property=\"og:type\" content=\"article\" \/>\n<meta property=\"og:title\" content=\"Ad\u0131m Ad\u0131m Case Study - Boosmart\" \/>\n<meta property=\"og:description\" content=\"We have achieved great success with one of our valuable brands Ad\u0131m Ad\u0131m in the area of digital marketing. Click to see the success story!\" \/>\n<meta property=\"og:url\" content=\"https:\/\/project-boo2138.bootests.com\/en\/case-studies\/adim-adim\/\" \/>\n<meta property=\"og:site_name\" content=\"Boosmart\" \/>\n<meta property=\"article:publisher\" content=\"https:\/\/www.facebook.com\/boosmartcom\/\" \/>\n<meta property=\"article:modified_time\" content=\"2024-08-01T09:10:30+00:00\" \/>\n<meta property=\"og:image\" content=\"https:\/\/project-boo2138.bootests.com\/wp-content\/uploads\/2024\/11\/boosmart-logo.png\" \/>\n\t<meta property=\"og:image:width\" content=\"1200\" \/>\n\t<meta property=\"og:image:height\" content=\"675\" \/>\n\t<meta property=\"og:image:type\" content=\"image\/png\" \/>\n<meta name=\"twitter:card\" content=\"summary_large_image\" \/>\n<meta name=\"twitter:site\" content=\"@boosmartcom\" \/>\n<meta name=\"twitter:label1\" content=\"Est. reading time\" \/>\n\t<meta name=\"twitter:data1\" content=\"4 minutes\" \/>\n<script type=\"application\/ld+json\" class=\"yoast-schema-graph\">{\"@context\":\"https:\/\/schema.org\",\"@graph\":[{\"@type\":\"WebPage\",\"@id\":\"https:\/\/project-boo2138.bootests.com\/en\/case-studies\/adim-adim\/\",\"url\":\"https:\/\/project-boo2138.bootests.com\/en\/case-studies\/adim-adim\/\",\"name\":\"Ad\u0131m Ad\u0131m Case Study - Boosmart\",\"isPartOf\":{\"@id\":\"https:\/\/project-boo2138.bootests.com\/#website\"},\"datePublished\":\"2021-03-05T11:00:35+00:00\",\"dateModified\":\"2024-08-01T09:10:30+00:00\",\"description\":\"We have achieved great success with one of our valuable brands Ad\u0131m Ad\u0131m in the area of digital marketing. Click to see the success story!\",\"breadcrumb\":{\"@id\":\"https:\/\/project-boo2138.bootests.com\/en\/case-studies\/adim-adim\/#breadcrumb\"},\"inLanguage\":\"en-US\",\"potentialAction\":[{\"@type\":\"ReadAction\",\"target\":[\"https:\/\/project-boo2138.bootests.com\/en\/case-studies\/adim-adim\/\"]}]},{\"@type\":\"BreadcrumbList\",\"@id\":\"https:\/\/project-boo2138.bootests.com\/en\/case-studies\/adim-adim\/#breadcrumb\",\"itemListElement\":[{\"@type\":\"ListItem\",\"position\":1,\"name\":\"Home\",\"item\":\"https:\/\/project-boo2138.bootests.com\/en\/\"},{\"@type\":\"ListItem\",\"position\":2,\"name\":\"Case Studies\",\"item\":\"https:\/\/project-boo2138.bootests.com\/en\/case-studies\/\"},{\"@type\":\"ListItem\",\"position\":3,\"name\":\"Ad\u0131m Ad\u0131m Case Study\"}]},{\"@type\":\"WebSite\",\"@id\":\"https:\/\/project-boo2138.bootests.com\/#website\",\"url\":\"https:\/\/project-boo2138.bootests.com\/\",\"name\":\"Boosmart\",\"description\":\"\",\"publisher\":{\"@id\":\"https:\/\/project-boo2138.bootests.com\/#organization\"},\"potentialAction\":[{\"@type\":\"SearchAction\",\"target\":{\"@type\":\"EntryPoint\",\"urlTemplate\":\"https:\/\/project-boo2138.bootests.com\/?s={search_term_string}\"},\"query-input\":{\"@type\":\"PropertyValueSpecification\",\"valueRequired\":true,\"valueName\":\"search_term_string\"}}],\"inLanguage\":\"en-US\"},{\"@type\":\"Organization\",\"@id\":\"https:\/\/project-boo2138.bootests.com\/#organization\",\"name\":\"Boosmart\",\"url\":\"https:\/\/project-boo2138.bootests.com\/\",\"logo\":{\"@type\":\"ImageObject\",\"inLanguage\":\"en-US\",\"@id\":\"https:\/\/project-boo2138.bootests.com\/#\/schema\/logo\/image\/\",\"url\":\"https:\/\/boosmart.com\/wp-content\/uploads\/2025\/02\/boosmart-og-image.png\",\"contentUrl\":\"https:\/\/boosmart.com\/wp-content\/uploads\/2025\/02\/boosmart-og-image.png\",\"width\":1200,\"height\":630,\"caption\":\"Boosmart\"},\"image\":{\"@id\":\"https:\/\/project-boo2138.bootests.com\/#\/schema\/logo\/image\/\"},\"sameAs\":[\"https:\/\/www.facebook.com\/boosmartcom\/\",\"https:\/\/x.com\/boosmartcom\",\"https:\/\/tr.linkedin.com\/company\/boosmart\/\",\"https:\/\/www.instagram.com\/boosmartcom\/\"]}]}<\/script>\n<!-- \/ Yoast SEO plugin. -->","yoast_head_json":{"title":"Ad\u0131m Ad\u0131m Case Study - Boosmart","description":"We have achieved great success with one of our valuable brands Ad\u0131m Ad\u0131m in the area of digital marketing. Click to see the success story!","robots":{"index":"noindex","follow":"follow","max-snippet":"max-snippet:-1","max-image-preview":"max-image-preview:large","max-video-preview":"max-video-preview:-1"},"og_locale":"en_US","og_type":"article","og_title":"Ad\u0131m Ad\u0131m Case Study - Boosmart","og_description":"We have achieved great success with one of our valuable brands Ad\u0131m Ad\u0131m in the area of digital marketing. Click to see the success story!","og_url":"https:\/\/project-boo2138.bootests.com\/en\/case-studies\/adim-adim\/","og_site_name":"Boosmart","article_publisher":"https:\/\/www.facebook.com\/boosmartcom\/","article_modified_time":"2024-08-01T09:10:30+00:00","og_image":[{"width":1200,"height":675,"url":"https:\/\/project-boo2138.bootests.com\/wp-content\/uploads\/2024\/11\/boosmart-logo.png","type":"image\/png"}],"twitter_card":"summary_large_image","twitter_site":"@boosmartcom","twitter_misc":{"Est. reading time":"4 minutes"},"schema":{"@context":"https:\/\/schema.org","@graph":[{"@type":"WebPage","@id":"https:\/\/project-boo2138.bootests.com\/en\/case-studies\/adim-adim\/","url":"https:\/\/project-boo2138.bootests.com\/en\/case-studies\/adim-adim\/","name":"Ad\u0131m Ad\u0131m Case Study - Boosmart","isPartOf":{"@id":"https:\/\/project-boo2138.bootests.com\/#website"},"datePublished":"2021-03-05T11:00:35+00:00","dateModified":"2024-08-01T09:10:30+00:00","description":"We have achieved great success with one of our valuable brands Ad\u0131m Ad\u0131m in the area of digital marketing. Click to see the success story!","breadcrumb":{"@id":"https:\/\/project-boo2138.bootests.com\/en\/case-studies\/adim-adim\/#breadcrumb"},"inLanguage":"en-US","potentialAction":[{"@type":"ReadAction","target":["https:\/\/project-boo2138.bootests.com\/en\/case-studies\/adim-adim\/"]}]},{"@type":"BreadcrumbList","@id":"https:\/\/project-boo2138.bootests.com\/en\/case-studies\/adim-adim\/#breadcrumb","itemListElement":[{"@type":"ListItem","position":1,"name":"Home","item":"https:\/\/project-boo2138.bootests.com\/en\/"},{"@type":"ListItem","position":2,"name":"Case Studies","item":"https:\/\/project-boo2138.bootests.com\/en\/case-studies\/"},{"@type":"ListItem","position":3,"name":"Ad\u0131m Ad\u0131m Case Study"}]},{"@type":"WebSite","@id":"https:\/\/project-boo2138.bootests.com\/#website","url":"https:\/\/project-boo2138.bootests.com\/","name":"Boosmart","description":"","publisher":{"@id":"https:\/\/project-boo2138.bootests.com\/#organization"},"potentialAction":[{"@type":"SearchAction","target":{"@type":"EntryPoint","urlTemplate":"https:\/\/project-boo2138.bootests.com\/?s={search_term_string}"},"query-input":{"@type":"PropertyValueSpecification","valueRequired":true,"valueName":"search_term_string"}}],"inLanguage":"en-US"},{"@type":"Organization","@id":"https:\/\/project-boo2138.bootests.com\/#organization","name":"Boosmart","url":"https:\/\/project-boo2138.bootests.com\/","logo":{"@type":"ImageObject","inLanguage":"en-US","@id":"https:\/\/project-boo2138.bootests.com\/#\/schema\/logo\/image\/","url":"https:\/\/boosmart.com\/wp-content\/uploads\/2025\/02\/boosmart-og-image.png","contentUrl":"https:\/\/boosmart.com\/wp-content\/uploads\/2025\/02\/boosmart-og-image.png","width":1200,"height":630,"caption":"Boosmart"},"image":{"@id":"https:\/\/project-boo2138.bootests.com\/#\/schema\/logo\/image\/"},"sameAs":["https:\/\/www.facebook.com\/boosmartcom\/","https:\/\/x.com\/boosmartcom","https:\/\/tr.linkedin.com\/company\/boosmart\/","https:\/\/www.instagram.com\/boosmartcom\/"]}]}},"_links":{"self":[{"href":"https:\/\/project-boo2138.bootests.com\/en\/wp-json\/wp\/v2\/pages\/3346","targetHints":{"allow":["GET"]}}],"collection":[{"href":"https:\/\/project-boo2138.bootests.com\/en\/wp-json\/wp\/v2\/pages"}],"about":[{"href":"https:\/\/project-boo2138.bootests.com\/en\/wp-json\/wp\/v2\/types\/page"}],"author":[{"embeddable":true,"href":"https:\/\/project-boo2138.bootests.com\/en\/wp-json\/wp\/v2\/users\/2"}],"replies":[{"embeddable":true,"href":"https:\/\/project-boo2138.bootests.com\/en\/wp-json\/wp\/v2\/comments?post=3346"}],"version-history":[{"count":5,"href":"https:\/\/project-boo2138.bootests.com\/en\/wp-json\/wp\/v2\/pages\/3346\/revisions"}],"predecessor-version":[{"id":9801,"href":"https:\/\/project-boo2138.bootests.com\/en\/wp-json\/wp\/v2\/pages\/3346\/revisions\/9801"}],"up":[{"embeddable":true,"href":"https:\/\/project-boo2138.bootests.com\/en\/wp-json\/wp\/v2\/pages\/2626"}],"wp:attachment":[{"href":"https:\/\/project-boo2138.bootests.com\/en\/wp-json\/wp\/v2\/media?parent=3346"}],"curies":[{"name":"wp","href":"https:\/\/api.w.org\/{rel}","templated":true}]}}