
{"id":3350,"date":"2021-03-05T11:01:44","date_gmt":"2021-03-05T11:01:44","guid":{"rendered":"https:\/\/boosmart.tasarlab.com\/?page_id=3350"},"modified":"2024-08-01T12:08:41","modified_gmt":"2024-08-01T09:08:41","slug":"konusma-kulubu","status":"publish","type":"page","link":"https:\/\/project-boo2138.bootests.com\/en\/case-studies\/konusma-kulubu\/","title":{"rendered":"Konu\u015fma Kul\u00fcb\u00fc Case Study"},"content":{"rendered":"<div class=\"wpb-content-wrapper\"><p>[vc_row full_width=&#8221;stretch_row&#8221; el_class=&#8221;tasarlab-project-tab-pills neler-yapiyoruz-section-1&#8243;][vc_column]\n                <div class=\"owl-carousel owl-theme boo-owl-nav\" data-desktop=\"2\" data-tablet=\"2\" data-mobile=\"1\">\n                    \n                        <div class=\"item\">\n                            <a class=\"boo-nav-item \" href=\"https:\/\/project-boo2138.bootests.com\/en\/our-brands\/\">Our Brands<\/a>\n                        <\/div>\n                   \n                        <div class=\"item\">\n                            <a class=\"boo-nav-item \" href=\"https:\/\/project-boo2138.bootests.com\/en\/case-studies\/\">Case Studies<\/a>\n                        <\/div>\n                   \n                <\/div>\n            [\/vc_column][\/vc_row][vc_row el_class=&#8221;neler-yapiyoruz-section-3&#8243;][vc_column width=&#8221;2\/3&#8243; el_class=&#8221;basari-hikayeleri-col-9&#8243;][vc_single_image image=&#8221;3254&#8243; img_size=&#8221;full&#8221;][vc_column_text]<\/p>\n<h2><b>Methodology<\/b><\/h2>\n<p><span style=\"font-weight: 400;\">While positioning the brand&#8217;s marketing strategies, we used Google Display Network ads as well as search ads. We needed a channel where we could collect the data of potential customers to get their information on the website. We thought about a benefit we can offer to potential customers online and created an online level test where consumers can measure their English level. Thanks to the call to action buttons that we have placed in many places on the website, we have made the user able to measure his English level by taking a level test where he can measure his knowledge directly. As a result of all our advertising expenditures, we made landing page optimization continuous and created a better conversion funnel. For our multi-device marketing strategies, we made separate optimizations for mobile and desktop for computer.<\/span><\/p>\n<p><span style=\"font-weight: 400;\">We had to complete this exam page with the right marketing setup. In other words, the message that the consumer sees in the advertisement and the experience he encounters on the website should complement each other. In our advertisements, we chose a visual that could be the first question of the placement exam. In our GDN (Google Display Network) ads, with his message \u201cI learn English at Conversation Club. I \u2026.. a student.\u201d\u00a0 and the \u201cAnswer: Answer the Question\u201d call-to-action button, the user could directly access the page where he could start the exam.<\/span><\/p>\n<p><span style=\"font-weight: 400;\">We have done A \/ B testing on target audiences using many types of targeting. In order to reach deep target audiences, we created users with different specifications. Using the Analytics audience targeting feature, we created different audiences according to the commitments made within the site. For example, we showed ads to different audiences such as those who started the exam but left without completing the exam, those who came to the homepage from pull marketing such as Google search network or organic, and did not start the exam, Google remarketing audiences (smart list), audience within the market: \u201cForeign Language Study\u201d.<\/span><\/p>\n<p><span style=\"font-weight: 400;\">Simultaneously, we made traceable impact optimization in the campaigns. We enabled machine learning algorithms to learn better by selecting leads in campaign targets.<\/span><\/p>\n<h2><b>Innovation<\/b><\/h2>\n<p><span style=\"font-weight: 400;\">In order to obtain the information of potential customers with these advertisements, we obtained information such as e-mail address and mobile phone before the exam. Each potential customer is called one by one by the speaking club sales team, along with the online level test score they have received, and the questions that potential customers are curious about; answered by phone, email or face-to-face methods. However, in all these steps, there was another problem we had to solve: Although some of the potential customers shared their knowledge in the online practice test, some of them were not so interested in the training. To solve this problem, we used the value track feature of Google AdWords.<\/span><\/p>\n<p><span style=\"font-weight: 400;\">Thanks to the value track feature, we used a very detailed tracking template in the domain name where AdWords ads are placed.<\/span><\/p>\n<p><span style=\"font-weight: 400;\">{lpurl}?campaignid={campaignid}&amp;adgroupid={adgroupid}&amp;targetid={targetid}&amp;network={network}&amp;device={device}&amp;devicemodel={devicemodel}&amp;placement={placement}&amp;target={target}<\/span><\/p>\n<p><span style=\"font-weight: 400;\">Thanks to this tracking template, we have enabled AdWords to automatically reflect information such as in which domain name (domain) the ads are displayed, on which device type, on which networks our ads are shown, to the final URL. As a result of our work with our customer&#8217;s IT (IT) team, we enabled them to save the information in the tracking template while recording the leads from the advertisements in the database. In this way, we started to optimize not only cost per action (CPA) but also cost per qualified lead. This had a very positive impact on sales. Now, with the brand, we can obtain nearly twice as much quality leads for a quarter of the price. This allows our customers to increase their sales and constantly their budgets for digital marketing.<\/span><\/p>\n<p><span style=\"font-weight: 400;\">In order to measure the performance of the campaign, we prepared a data studio report that our customers can easily understand. By explaining the logic of the campaigns set up to our customers, we explained the conversion-enhancing features of AdWords such as custom affinity audience, in market audience, value track, machine learning, bidding strategies. Our customer also supported us by understanding the logic of all these attempts and being patient enough to achieve success.<\/span><\/p>\n<p><span style=\"font-weight: 400;\">We used a &#8220;location-based&#8221; attribute model instead of the last click model to measure your ads. Because the conversion time was not very long, and in order to understand the advertiser&#8217;s budget in the most effective way, we had to understand the sources that brought the first click and the last click in the conversion process. In this way, we have established a mechanism that rewards not only the campaign that brought the last click, but also the first conversion source and the last conversion source in terms of its contribution to the total conversion.<\/span><\/p>\n<p><span style=\"font-weight: 400;\">We also designed non-Google (non-google) campaigns for our multi-channel marketing (Omni-channel marketing) setups, and we followed the Instagram Story ads with a good UTM URL structure and optimized the campaigns through Analytics data. In addition, we retargeted the new visiting customers we brought from these sources on Google Display Network and did a 360-degree marketing.<\/span><\/p>\n<p>[\/vc_column_text][\/vc_column][vc_column width=&#8221;1\/3&#8243; el_class=&#8221;basari-hikayeleri-col-3&#8243;][vc_single_image image=&#8221;3171&#8243; img_size=&#8221;full&#8221;][vc_column_text]<\/p>\n<h2><strong>About <\/strong><\/h2>\n<h2><strong>konusmakulubu.net\u00a0<\/strong><\/h2>\n<p><span style=\"font-weight: 400;\">Konu\u015fma Kul\u00fcb\u00fc is basically a language school for those who want to speak English. It is a platform specially designed for those who want to speak English in daily life and differentiated according to the exchange rates of the participants. It aims to teach English to end-users with native speakers of English on subjects that are completely adapted to daily life. Founded in 2015, the brand grows nearly 100% every year with the power of internet and internet advertisements. Today, the Speaking Club has become a growing business by making agreements with many of Turkey&#8217;s leading universities and adapting this business model to many universities.<\/span>[\/vc_column_text][\/vc_column][\/vc_row]<\/p>\n<\/div>","protected":false},"excerpt":{"rendered":"<p>[vc_row full_width=&#8221;stretch_row&#8221; el_class=&#8221;tasarlab-project-tab-pills neler-yapiyoruz-section-1&#8243;][vc_column][\/vc_column][\/vc_row][vc_row el_class=&#8221;neler-yapiyoruz-section-3&#8243;][vc_column width=&#8221;2\/3&#8243; el_class=&#8221;basari-hikayeleri-col-9&#8243;][vc_single_image image=&#8221;3254&#8243; img_size=&#8221;full&#8221;][vc_column_text] Methodology While positioning the brand&#8217;s marketing strategies, we used Google Display Network ads as well as search ads. We needed a channel where we could collect the data of potential customers to get their information on the website. We thought about a benefit we can offer [&hellip;]<\/p>\n","protected":false},"author":2,"featured_media":0,"parent":2626,"menu_order":0,"comment_status":"closed","ping_status":"closed","template":"page-kurumsal.php","meta":{"_acf_changed":false,"footnotes":""},"class_list":["post-3350","page","type-page","status-publish","hentry"],"acf":[],"yoast_head":"<!-- This site is optimized with the Yoast SEO plugin v26.5 - https:\/\/yoast.com\/wordpress\/plugins\/seo\/ -->\n<title>Konu\u015fma Kul\u00fcb\u00fc Case Study - Boosmart<\/title>\n<meta name=\"description\" content=\"We have achieved great success with one of our valuable brands Konu\u015fma Kul\u00fcb\u00fc in the area of digital marketing. Click to see success story!\" \/>\n<meta name=\"robots\" content=\"noindex, follow, max-snippet:-1, max-image-preview:large, max-video-preview:-1\" \/>\n<meta property=\"og:locale\" content=\"en_US\" \/>\n<meta property=\"og:type\" content=\"article\" \/>\n<meta property=\"og:title\" content=\"Konu\u015fma Kul\u00fcb\u00fc Case Study - Boosmart\" \/>\n<meta property=\"og:description\" content=\"We have achieved great success with one of our valuable brands Konu\u015fma Kul\u00fcb\u00fc in the area of digital marketing. Click to see success story!\" \/>\n<meta property=\"og:url\" content=\"https:\/\/project-boo2138.bootests.com\/en\/case-studies\/konusma-kulubu\/\" \/>\n<meta property=\"og:site_name\" content=\"Boosmart\" \/>\n<meta property=\"article:publisher\" content=\"https:\/\/www.facebook.com\/boosmartcom\/\" \/>\n<meta property=\"article:modified_time\" content=\"2024-08-01T09:08:41+00:00\" \/>\n<meta property=\"og:image\" content=\"https:\/\/project-boo2138.bootests.com\/wp-content\/uploads\/2024\/11\/boosmart-logo.png\" \/>\n\t<meta property=\"og:image:width\" content=\"1200\" \/>\n\t<meta property=\"og:image:height\" content=\"675\" \/>\n\t<meta property=\"og:image:type\" content=\"image\/png\" \/>\n<meta name=\"twitter:card\" content=\"summary_large_image\" \/>\n<meta name=\"twitter:site\" content=\"@boosmartcom\" \/>\n<meta name=\"twitter:label1\" content=\"Est. reading time\" \/>\n\t<meta name=\"twitter:data1\" content=\"6 minutes\" \/>\n<script type=\"application\/ld+json\" class=\"yoast-schema-graph\">{\"@context\":\"https:\/\/schema.org\",\"@graph\":[{\"@type\":\"WebPage\",\"@id\":\"https:\/\/project-boo2138.bootests.com\/en\/case-studies\/konusma-kulubu\/\",\"url\":\"https:\/\/project-boo2138.bootests.com\/en\/case-studies\/konusma-kulubu\/\",\"name\":\"Konu\u015fma Kul\u00fcb\u00fc Case Study - Boosmart\",\"isPartOf\":{\"@id\":\"https:\/\/project-boo2138.bootests.com\/#website\"},\"datePublished\":\"2021-03-05T11:01:44+00:00\",\"dateModified\":\"2024-08-01T09:08:41+00:00\",\"description\":\"We have achieved great success with one of our valuable brands Konu\u015fma Kul\u00fcb\u00fc in the area of digital marketing. Click to see success story!\",\"breadcrumb\":{\"@id\":\"https:\/\/project-boo2138.bootests.com\/en\/case-studies\/konusma-kulubu\/#breadcrumb\"},\"inLanguage\":\"en-US\",\"potentialAction\":[{\"@type\":\"ReadAction\",\"target\":[\"https:\/\/project-boo2138.bootests.com\/en\/case-studies\/konusma-kulubu\/\"]}]},{\"@type\":\"BreadcrumbList\",\"@id\":\"https:\/\/project-boo2138.bootests.com\/en\/case-studies\/konusma-kulubu\/#breadcrumb\",\"itemListElement\":[{\"@type\":\"ListItem\",\"position\":1,\"name\":\"Home\",\"item\":\"https:\/\/project-boo2138.bootests.com\/en\/\"},{\"@type\":\"ListItem\",\"position\":2,\"name\":\"Case Studies\",\"item\":\"https:\/\/project-boo2138.bootests.com\/en\/case-studies\/\"},{\"@type\":\"ListItem\",\"position\":3,\"name\":\"Konu\u015fma Kul\u00fcb\u00fc Case Study\"}]},{\"@type\":\"WebSite\",\"@id\":\"https:\/\/project-boo2138.bootests.com\/#website\",\"url\":\"https:\/\/project-boo2138.bootests.com\/\",\"name\":\"Boosmart\",\"description\":\"\",\"publisher\":{\"@id\":\"https:\/\/project-boo2138.bootests.com\/#organization\"},\"potentialAction\":[{\"@type\":\"SearchAction\",\"target\":{\"@type\":\"EntryPoint\",\"urlTemplate\":\"https:\/\/project-boo2138.bootests.com\/?s={search_term_string}\"},\"query-input\":{\"@type\":\"PropertyValueSpecification\",\"valueRequired\":true,\"valueName\":\"search_term_string\"}}],\"inLanguage\":\"en-US\"},{\"@type\":\"Organization\",\"@id\":\"https:\/\/project-boo2138.bootests.com\/#organization\",\"name\":\"Boosmart\",\"url\":\"https:\/\/project-boo2138.bootests.com\/\",\"logo\":{\"@type\":\"ImageObject\",\"inLanguage\":\"en-US\",\"@id\":\"https:\/\/project-boo2138.bootests.com\/#\/schema\/logo\/image\/\",\"url\":\"https:\/\/boosmart.com\/wp-content\/uploads\/2025\/02\/boosmart-og-image.png\",\"contentUrl\":\"https:\/\/boosmart.com\/wp-content\/uploads\/2025\/02\/boosmart-og-image.png\",\"width\":1200,\"height\":630,\"caption\":\"Boosmart\"},\"image\":{\"@id\":\"https:\/\/project-boo2138.bootests.com\/#\/schema\/logo\/image\/\"},\"sameAs\":[\"https:\/\/www.facebook.com\/boosmartcom\/\",\"https:\/\/x.com\/boosmartcom\",\"https:\/\/tr.linkedin.com\/company\/boosmart\/\",\"https:\/\/www.instagram.com\/boosmartcom\/\"]}]}<\/script>\n<!-- \/ Yoast SEO plugin. -->","yoast_head_json":{"title":"Konu\u015fma Kul\u00fcb\u00fc Case Study - Boosmart","description":"We have achieved great success with one of our valuable brands Konu\u015fma Kul\u00fcb\u00fc in the area of digital marketing. Click to see success story!","robots":{"index":"noindex","follow":"follow","max-snippet":"max-snippet:-1","max-image-preview":"max-image-preview:large","max-video-preview":"max-video-preview:-1"},"og_locale":"en_US","og_type":"article","og_title":"Konu\u015fma Kul\u00fcb\u00fc Case Study - Boosmart","og_description":"We have achieved great success with one of our valuable brands Konu\u015fma Kul\u00fcb\u00fc in the area of digital marketing. Click to see success story!","og_url":"https:\/\/project-boo2138.bootests.com\/en\/case-studies\/konusma-kulubu\/","og_site_name":"Boosmart","article_publisher":"https:\/\/www.facebook.com\/boosmartcom\/","article_modified_time":"2024-08-01T09:08:41+00:00","og_image":[{"width":1200,"height":675,"url":"https:\/\/project-boo2138.bootests.com\/wp-content\/uploads\/2024\/11\/boosmart-logo.png","type":"image\/png"}],"twitter_card":"summary_large_image","twitter_site":"@boosmartcom","twitter_misc":{"Est. reading time":"6 minutes"},"schema":{"@context":"https:\/\/schema.org","@graph":[{"@type":"WebPage","@id":"https:\/\/project-boo2138.bootests.com\/en\/case-studies\/konusma-kulubu\/","url":"https:\/\/project-boo2138.bootests.com\/en\/case-studies\/konusma-kulubu\/","name":"Konu\u015fma Kul\u00fcb\u00fc Case Study - Boosmart","isPartOf":{"@id":"https:\/\/project-boo2138.bootests.com\/#website"},"datePublished":"2021-03-05T11:01:44+00:00","dateModified":"2024-08-01T09:08:41+00:00","description":"We have achieved great success with one of our valuable brands Konu\u015fma Kul\u00fcb\u00fc in the area of digital marketing. Click to see success story!","breadcrumb":{"@id":"https:\/\/project-boo2138.bootests.com\/en\/case-studies\/konusma-kulubu\/#breadcrumb"},"inLanguage":"en-US","potentialAction":[{"@type":"ReadAction","target":["https:\/\/project-boo2138.bootests.com\/en\/case-studies\/konusma-kulubu\/"]}]},{"@type":"BreadcrumbList","@id":"https:\/\/project-boo2138.bootests.com\/en\/case-studies\/konusma-kulubu\/#breadcrumb","itemListElement":[{"@type":"ListItem","position":1,"name":"Home","item":"https:\/\/project-boo2138.bootests.com\/en\/"},{"@type":"ListItem","position":2,"name":"Case Studies","item":"https:\/\/project-boo2138.bootests.com\/en\/case-studies\/"},{"@type":"ListItem","position":3,"name":"Konu\u015fma Kul\u00fcb\u00fc Case Study"}]},{"@type":"WebSite","@id":"https:\/\/project-boo2138.bootests.com\/#website","url":"https:\/\/project-boo2138.bootests.com\/","name":"Boosmart","description":"","publisher":{"@id":"https:\/\/project-boo2138.bootests.com\/#organization"},"potentialAction":[{"@type":"SearchAction","target":{"@type":"EntryPoint","urlTemplate":"https:\/\/project-boo2138.bootests.com\/?s={search_term_string}"},"query-input":{"@type":"PropertyValueSpecification","valueRequired":true,"valueName":"search_term_string"}}],"inLanguage":"en-US"},{"@type":"Organization","@id":"https:\/\/project-boo2138.bootests.com\/#organization","name":"Boosmart","url":"https:\/\/project-boo2138.bootests.com\/","logo":{"@type":"ImageObject","inLanguage":"en-US","@id":"https:\/\/project-boo2138.bootests.com\/#\/schema\/logo\/image\/","url":"https:\/\/boosmart.com\/wp-content\/uploads\/2025\/02\/boosmart-og-image.png","contentUrl":"https:\/\/boosmart.com\/wp-content\/uploads\/2025\/02\/boosmart-og-image.png","width":1200,"height":630,"caption":"Boosmart"},"image":{"@id":"https:\/\/project-boo2138.bootests.com\/#\/schema\/logo\/image\/"},"sameAs":["https:\/\/www.facebook.com\/boosmartcom\/","https:\/\/x.com\/boosmartcom","https:\/\/tr.linkedin.com\/company\/boosmart\/","https:\/\/www.instagram.com\/boosmartcom\/"]}]}},"_links":{"self":[{"href":"https:\/\/project-boo2138.bootests.com\/en\/wp-json\/wp\/v2\/pages\/3350","targetHints":{"allow":["GET"]}}],"collection":[{"href":"https:\/\/project-boo2138.bootests.com\/en\/wp-json\/wp\/v2\/pages"}],"about":[{"href":"https:\/\/project-boo2138.bootests.com\/en\/wp-json\/wp\/v2\/types\/page"}],"author":[{"embeddable":true,"href":"https:\/\/project-boo2138.bootests.com\/en\/wp-json\/wp\/v2\/users\/2"}],"replies":[{"embeddable":true,"href":"https:\/\/project-boo2138.bootests.com\/en\/wp-json\/wp\/v2\/comments?post=3350"}],"version-history":[{"count":4,"href":"https:\/\/project-boo2138.bootests.com\/en\/wp-json\/wp\/v2\/pages\/3350\/revisions"}],"predecessor-version":[{"id":9797,"href":"https:\/\/project-boo2138.bootests.com\/en\/wp-json\/wp\/v2\/pages\/3350\/revisions\/9797"}],"up":[{"embeddable":true,"href":"https:\/\/project-boo2138.bootests.com\/en\/wp-json\/wp\/v2\/pages\/2626"}],"wp:attachment":[{"href":"https:\/\/project-boo2138.bootests.com\/en\/wp-json\/wp\/v2\/media?parent=3350"}],"curies":[{"name":"wp","href":"https:\/\/api.w.org\/{rel}","templated":true}]}}